{"id":63,"date":"2021-03-19T11:06:30","date_gmt":"2021-03-19T11:06:30","guid":{"rendered":"https:\/\/drcubano.eu\/?page_id=63"},"modified":"2022-10-23T19:52:15","modified_gmt":"2022-10-23T19:52:15","slug":"uvjeti-koristenja","status":"publish","type":"page","link":"https:\/\/drcubano.eu\/index.php\/uvjeti-koristenja\/","title":{"rendered":"Uvjeti kori\u0161tenja"},"content":{"rendered":"\t\t<div data-elementor-type=\"wp-page\" data-elementor-id=\"63\" class=\"elementor elementor-63\" data-elementor-settings=\"[]\">\n\t\t\t\t\t\t\t<div class=\"elementor-section-wrap\">\n\t\t\t\t\t\t\t<section class=\"elementor-section elementor-top-section elementor-element elementor-element-4442d27d elementor-section-boxed elementor-section-height-default elementor-section-height-default\" data-id=\"4442d27d\" data-element_type=\"section\">\n\t\t\t\t\t\t<div class=\"elementor-container elementor-column-gap-default\">\n\t\t\t\t\t<div class=\"elementor-column elementor-col-100 elementor-top-column elementor-element elementor-element-48978a8d\" data-id=\"48978a8d\" data-element_type=\"column\">\n\t\t\t<div class=\"elementor-widget-wrap elementor-element-populated\">\n\t\t\t\t\t\t\t\t<div class=\"elementor-element elementor-element-690afb99 elementor-widget elementor-widget-text-editor\" data-id=\"690afb99\" data-element_type=\"widget\" data-widget_type=\"text-editor.default\">\n\t\t\t\t<div class=\"elementor-widget-container\">\n\t\t\t\t\t<div class=\"elementor-text-editor elementor-clearfix\"><!-- wp:heading -->\n<h1>Uvjeti kori\u0161tenja<\/h1>\n<div class=\"rte\">\n<p>Uvjeti kori\u0161tenja definiraju pravila koja korisnicima ove usluge (u daljnjem tekstu: &#8220;Korisnik&#8221; ili &#8220;Kupac&#8221;) omogu\u0107uju kupnju proizvoda iz na\u0161e ponude.<\/p>\n<p>Zadr\u017eavamo pravo promjene Uvjeta kori\u0161tenja, u skladu s novim elementima ponude i \/ ili zakonodavstva, zbog \u010dega bi Korisnik trebao provjeriti podatke u vezi s Uvjetima kori\u0161tenja prije svake kupnje.<\/p>\n<p><strong>1. Kori\u0161tenje web stranice<\/strong><\/p>\n<p>Sav materijal na ovom web mjestu za\u0161ti\u0107en je autorskim pravima i svaka neovla\u0161tena uporaba mo\u017ee predstavljati kr\u0161enje Zakona o autorskim i srodnim pravima, Zakona o za\u0161titnim znakovima ili drugih zakona o intelektualnom vlasni\u0161tvu.\u00a0Ako drugdje na ovoj stranici nije druga\u010dije nazna\u010deno, sav sadr\u017eaj mo\u017ee se gledati, kopirati, tiskati ili preuzimati isklju\u010divo za osobnu, nekomercijalnu upotrebu i u informativne svrhe, pod uvjetom da se svi autorski podaci ili drugi podaci o vlasni\u0161tvu sadr\u017eani u izvornom dokumentu \u010duvaju u svim primjercima.\u00a0Ne mo\u017eete modificirati sadr\u017eaj ove stranice na bilo koji na\u010din, niti je reproducirati ili javno prikazivati, izvoditi, distribuirati ili koristiti na bilo koji drugi na\u010din u javne ili komercijalne svrhe.<\/p>\n<p>Informacije na ovom web mjestu su samo za op\u0107e informacije i ne mogu biti zamjena za profesionalni savjet.\u00a0Prihva\u0107ate sve savjete i \/ ili informacije dobivene izravno ili neizravno putem web mjesta na vlastiti rizik.\u00a0Ova web stranica niti bilo koji od njezinih vlasnika, menad\u017eera, direktora, zaposlenika, partnera, ogla\u0161iva\u010da ili suradnika ne preuzima pravnu odgovornost za bilo kakve neto\u010dne ili obmanjuju\u0107e podatke koji su profesionalni ili se nalaze na web mjestu.<\/p>\n<p><strong>1.1 Sadr\u017eaj sajta<\/strong><\/p>\n<p>Web stranica i njezin cjelokupni sadr\u017eaj vlasni\u0161tvo su tvrtke DrCubano (u daljnjem tekstu &#8220;Tvrtka&#8221;) ili tvrtki s kojima je povezana, sa svim pridr\u017eanim pravima, ako nije druga\u010dije nazna\u010deno.\u00a0Va\u0161a upotreba sadr\u017eaja koji nije u skladu s Uvjetima kori\u0161tenja bez pismenog pristanka vlasnika sadr\u017eaja strogo je zabranjena.\u00a0Dopu\u0161teno je koristiti web mjesto na sljede\u0107i na\u010din:<\/p>\n<ul type=\"disc\">\n<li>Web mjesto u odre\u0111enim dijelovima poziva registrirane korisnike da predaju svoj sadr\u017eaj koji \u0107e biti prikazan na ovoj stranici (&#8220;poslani sadr\u017eaj&#8221;).<\/li>\n<li>Web stranica mo\u017ee sadr\u017eavati razne radnje u kojima Tvrtka poziva registrirane korisnike da po\u0161alju svoj sadr\u017eaj za prikaz na ovoj i drugim web mjestima kojima upravlja (&#8220;Predani sadr\u017eaj&#8221;).\u00a0Sav dostavljeni sadr\u017eaj mora biti u skladu s primjenjivim pravilima djelovanja.<\/li>\n<li>Prilikom kori\u0161tenja stranice potrebno je da se korisnici pona\u0161aju u skladu s va\u017ee\u0107im zakonima i propisima.\u00a0Sadr\u017eaj web mjesta ne smije se distribuirati, mijenjati, prikazivati, reproducirati, prodavati, kopirati ili na bilo koji drugi na\u010din koristiti i u\u010diniti dostupnim tre\u0107im stranama bez pismenog pristanka Tvrtke.<\/li>\n<li>Zabranjeno je objavljivanje na web mjestu materijala koji kleve\u0107u, kr\u0161e prava, a koja su uvredljiva, la\u017ena, prijete\u0107a, vulgarna, pornografska, jednostavna ili na bilo koji na\u010din poti\u010du na kazneno djelo, nezakonitu radnju ili onu koja tra\u017ei gra\u0111ansku odgovornost.\u00a0Tvrtka zadr\u017eava pravo ukloniti takav materijal s web mjesta bez prethodne najave Korisniku.<\/li>\n<li>Zabranjeno je svako la\u017eno predstavljanje i objavljivanje neta\u010dnih podataka u vezi sa sajtom ili osobama vezanim za isti.<\/li>\n<li>Zabranjeno je kori\u0161tenje web mjesta u propagandne svrhe.<\/li>\n<li>Zabranjeno je kori\u0161tenje web mjesta u svrhu prodaje proizvoda ili preporuke usluga korisnika ili tre\u0107ih strana.<\/li>\n<li>Zabranjeno je instalirati ili prenositi viruse i sve ra\u010dunalne kodove, datoteke i programe koji na bilo koji na\u010din mogu o\u0161tetiti ili preuzeti kontrolu nad web mjestom ili povezanom opremom.<\/li>\n<\/ul>\n<p><strong>1.2 Dostavljeni sadr\u017eaj<\/strong><\/p>\n<p>Za sav sadr\u017eaj koji po\u0161aljete sla\u017eete se da Tvrtka ima pravo (ali ne i obvezu) procijeniti sadr\u017eaj prije objavljivanja na web mjestu.<br \/>\u00a0Tvrtka mo\u017ee u\u010diniti sve ili ne\u0161to od sljede\u0107eg:<\/p>\n<ul type=\"disc\">\n<li>da nadgleda dostavljene sadr\u017eaje;<\/li>\n<li>da dozvoli, izmeni ili odbije da ih postavi;<\/li>\n<li>za nadgledanje, filtriranje i brisanje isporu\u010denih poruka (blokiranje ili izmjena \u0161tetnog ili neprikladnog sadr\u017eaja);<\/li>\n<li>u\u010diniti dostavljeni sadr\u017eaj dostupnim tre\u0107oj strani u svrhu odr\u017eavanja web mjesta, za\u0161tite Tvrtke ili po\u0161tivanja zakonskih normi;<\/li>\n<\/ul>\n<p>Tvrtka, kao ni tvrtke s kojima je povezana, nemaju nadzor nad njima niti \u0107e biti odgovorni za bilo kakvu \u0161tetu ili zlouporabu koju je prouzro\u010dila tre\u0107a strana.<\/p>\n<p>\u00a0Ako odlu\u010dite objaviti bilo koju informaciju objavljivanjem na na\u0161oj web stranici, to \u010dinite isklju\u010divo na vlastiti rizik.<\/p>\n<p><strong>1.3 Linkovi sajtova tre\u0107ih lica<\/strong><\/p>\n<p>Web stranica mo\u017ee sadr\u017eavati veze do drugih web stranica.\u00a0Postavljeni su kao pogodnost za korisnike, a Tvrtka ne kontrolira niti je odgovorna za njihov otkriveni sadr\u017eaj i pravila o privatnosti te se odri\u010de bilo kakve odgovornosti ako takve web stranice:<\/p>\n<ul type=\"disc\">\n<li>Imaju neto\u010dan, neto\u010dan ili neprikladan sadr\u017eaj;<\/li>\n<li>Nisu sigurni, sadr\u017ee viruse ili druge \u0161tetne materijale;<\/li>\n<li>Sadr\u017ee klevete, vre\u0111aju;<\/li>\n<li>Povre\u0111uju pravo intelektualne svojine.<\/li>\n<\/ul>\n<p><strong>\u00a0<\/strong><\/p>\n<p><strong>2. Privatnost podataka<\/strong><\/p>\n<p>Da bismo uspje\u0161no obradili va\u0161u narud\u017ebu, trebaju nam va\u0161i osobni podaci: va\u0161e ime i prezime, puna adresa, e-mail i telefon.\u00a0Uz pomo\u0107 ovih podataka mo\u0107i \u0107emo vam dostaviti \u017eeljenu robu, kao i obavijestiti vas o trenutnom statusu narud\u017ebe.\u00a0Tvrtka se zala\u017ee za za\u0161titu privatnosti svih svojih kupaca.\u00a0Prikupljamo samo potrebne osnovne podatke o kupcima \/ korisnicima i podatke potrebne za poslovanje i informiranje korisnika u skladu s dobrom poslovnom praksom, a u svrhu pru\u017eanja kvalitetne usluge, kori\u0161tenje na\u0161ih usluga podrazumijeva pristanak korisnika da mu po\u0161alje e-po\u0161tu i \/ ili sms obavijesti.\u00a0Kupcima dajemo na izbor, uklju\u010duju\u0107i mogu\u0107nost da odlu\u010de \u017eele li se izbrisati s popisa za slanje i sms-a koje koriste za marketin\u0161ke kampanje.\u00a0Svi podaci o kupcima \/ korisnicima strogo se \u010duvaju i dostupni su samo zaposlenicima kojima su ti podaci potrebni za obavljanje posla.\u00a0Svi zaposlenici tvrtke odgovorni su za po\u0161tivanje na\u010dela za\u0161tite privatnosti.\u00a0Uz navedeno, prikupljamo, analiziramo i obra\u0111ujemo podatke o proizvodima koje na\u0161i posjetitelji tra\u017ee i kupuju, kao i o stranicama koje posje\u0107uju.\u00a0Ove podatke koristimo za pobolj\u0161anje ponude i izgled na\u0161ih stranica te vam omogu\u0107ujemo lak\u0161u upotrebu, sigurniju i ugodniju kupnju.\u00a0Obavezujemo se da prikupljene podatke ne\u0107emo koristiti u bilo koje druge svrhe.\u00a0Ove podatke koristimo za pobolj\u0161anje ponude i izgled na\u0161ih stranica te vam omogu\u0107ujemo lak\u0161u upotrebu, sigurniju i ugodniju kupnju.\u00a0Obavezujemo se da prikupljene podatke ne\u0107emo koristiti u bilo koje druge svrhe.\u00a0Ove podatke koristimo za pobolj\u0161anje ponude i izgled na\u0161ih stranica te vam omogu\u0107ujemo lak\u0161u upotrebu, sigurniju i ugodniju kupnju.\u00a0Obavezujemo se da prikupljene podatke ne\u0107emo koristiti u bilo koje druge svrhe.<\/p>\n<p>Kupac se sla\u017ee da Tvrtka mo\u017ee dostaviti njegovu adresu i telefonski broj kurirskoj slu\u017ebi, radi lak\u0161e komunikacije u vezi s dostavom.<\/p>\n<p>Tako\u0111er, ako Kupac pristane primiti poruke obavijesti tijekom registracije ili kupnje bez registracije, Tvrtka ima pravo slati obavijesti putem e-po\u0161te u vezi s radom web stranice, promocijama i ostalim marketin\u0161kim i ostalim materijalima.\u00a0Tvrtka se obvezuje da ne\u0107e dijeliti ove podatke s tre\u0107im stranama.<\/p>\n<p>Osobni podaci Kupca ne\u0107e se koristiti u marketin\u0161ke ili bilo koje druge svrhe, osim ako Kupac nije dao svoj pristanak.\u00a0Za sva dodatna pitanja, kupac se mo\u017ee obratiti tvrtki e-po\u0161tom ili telefonom.<\/p>\n<p>Za sve ostale sadr\u017eaje koje Kupac objavljuje putem web mjesta u obliku prijedloga, komentara itd.\u00a0smatrat \u0107e se nepovjerljivima i ne\u0107e biti predmet za\u0161tite.\u00a0Kupac je odgovoran za to\u010dnost objavljenih podataka, a ako su podaci koje pru\u017ea neto\u010dni, neto\u010dni ili nepotpuni, prihva\u0107a mogu\u0107nost da ga Tvrtka ukloni s web mjesta.<\/p>\n<p><strong>3. Spre\u010davanje pristupa<\/strong><\/p>\n<p>Sla\u017eete se da Tvrtka mo\u017ee, po vlastitom naho\u0111enju, suspendirati va\u0161 pristup ili upotrebu ove stranice, u bilo koje vrijeme i iz bilo kojeg razloga, bez prethodne najave.\u00a0Tako\u0111er se sla\u017eete da niti Tvrtka niti tvrtke s kojima je povezana ne\u0107e biti odgovorne ni vama ni bilo kojoj tre\u0107oj strani za suspenziju va\u0161eg pristupa ovom web mjestu, niti bilo kojim informacijama ili datotekama, niti \u0107e od njih tra\u017eiti da daju takve informacije datoteke dostupne nakon bilo kakve suspenzije.<\/p>\n<p><strong><br \/>4. Registracija<\/strong><\/p>\n<p>\u00a0Registracija nije obavezna da bi se kupovina realizovala.<\/p>\n<p>Kupac snosi svu odgovornost za to\u010dnost i potpunost podataka unesenih tijekom registracije na web mjestu.<\/p>\n<p>Po zavr\u0161etku postupka registracije, Kupac stje\u010de mogu\u0107nost pristupa odre\u0111enom personaliziranom sadr\u017eaju, poput podataka o narud\u017ebi ili statusu kupnje.\u00a0Registracijom kupac potvr\u0111uje:<\/p>\n<ul type=\"disc\">\n<li>Da je u potpunosti upoznat i prihva\u0107a Uvjete kori\u0161tenja web trgovine tvrtke.<\/li>\n<li>Ta\u010dnost i potpunost navedenih podataka u obrascu<\/li>\n<li>Da se sla\u017ee da Tvrtka mo\u017ee, u skladu s odredbama Zakona o za\u0161titi osobnih podataka, obra\u0111ivati \u200b\u200bosobne podatke navedene u nalogu, za vlastitu evidenciju i pru\u017eati druge usluge te da se podaci mogu pru\u017eati tre\u0107im stranama (kurirska slu\u017eba) korisnici usluga web trgovine kao i sprje\u010davanje mogu\u0107ih zlouporaba.<\/li>\n<\/ul>\n<p>Registrirani korisnici du\u017eni su stalno \u010duvati pristupnu lozinku koja im je potrebna za upotrebu web trgovine, kao i nikada je ne smiju otkrivati \u200b\u200btre\u0107im stranama.\u00a0Ako kr\u0161e ovu obvezu, korisnici to \u010dine isklju\u010divo na vlastiti rizik i snose punu odgovornost prema o\u0161te\u0107enima, za bilo kakvu \u0161tetu prouzro\u010denu takvom upotrebom njihovog ra\u010duna.<\/p>\n<p><strong>5. Naru\u010divanje<\/strong><\/p>\n<p>Kao oblik brze kupnje, kupac nije obvezan registrirati se na web mjestu kako bi obavio kupnju.\u00a0U tom slu\u010daju ne\u0107e mo\u0107i koristiti neke od funkcija web mjesta koje su dostupne registriranim korisnicima (npr. Popis \u017eelja, brza kupnja itd.).<\/p>\n<p>Kao registrirani korisnik, nakon unosa korisni\u010dkog imena i lozinke, Kupac, izme\u0111u ostalog, ima uvid u svoje prethodne kupnje kroz povijest prodaje, kao i mogu\u0107nost odlaska na stranicu za odabir pla\u0107anja bez ponovnog unosa svojih osobnih podataka .<\/p>\n<p>Naru\u010divanje putem web mjesta mogu\u0107e je za sve proizvode na web mjestu klikom na gumb &#8220;DODAJ U KO\u0160ARICU&#8221;.\u00a0Sve kupnje izvr\u0161ene putem ko\u0161arice su kona\u010dne i opozive samo ako je Tvrtka na vrijeme obavije\u0161tena o promjenama (prije isporuke).<\/p>\n<p><strong>6. Tvrtka zaprima nalog<\/strong><\/p>\n<p>Nakon zaklju\u010denja narud\u017ebe, potvrda da je tvrtka primila narud\u017ebu poslat \u0107e se na e-mail koji je kupac ostavio kao kontakt.\u00a0Ako Kupac ne dobije takvu potvrdu, potrebno je provjeriti ispravnost adrese e-po\u0161te koju je ostavio kao kontakt ili prijaviti problem na adresu e-po\u0161te.<\/p>\n<p>Tvrtka zadr\u017eava pravo provjere podataka koje je kupac dostavio prilikom izrade narud\u017ebe kako bi ih provjerila i kontaktirala kupca e-po\u0161tom ili telefonom radi ispravljanja te naju\u010dinkovitijeg realiziranja isporuke naru\u010denih proizvoda.<\/p>\n<p>Tvrtka tako\u0111er zadr\u017eava pravo isporuke dostupnih proizvoda od odabranih proizvoda ako ne mo\u017ee isporu\u010diti sve naru\u010dene proizvode.\u00a0Kupac \u0107e biti obavije\u0161ten e-po\u0161tom (ili telefonom) s naznakom isporuke preostalih proizvoda od strane tvrtke.<\/p>\n<p>Tvrtka zadr\u017eava pravo otkaza narud\u017ebe iz tehni\u010dkih i drugih razloga, o \u010demu \u0107e Kupac biti obavije\u0161ten e-po\u0161tom navedenom tijekom registracije ili telefonom.<\/p>\n<p>Po primitku narud\u017ebe i provjeri valjanosti podataka o naru\u010ditelju ili narud\u017ebi, Dru\u0161tvo nastavlja obradu narud\u017ebe, koja zavr\u0161ava potvrdom tvrtke da je u mogu\u0107nosti izvr\u0161iti narud\u017ebu, nakon \u010dega kupcu proslje\u0111uje podatke o realiziranom sredstva. kartica).<\/p>\n<p>Tvrtka \u0107e obavijestiti kupca o svakoj promjeni statusa narud\u017ebe slanjem obavijesti e-po\u0161tom na adresu e-po\u0161te za kontakt koju je kupac ostavio na web mjestu.<\/p>\n<p><strong>7. Rezervacije proizvoda u korpi<\/strong><\/p>\n<p>Proizvod koji Kupac stavlja u ko\u0161aricu tijekom postupka kupnje nije rezerviran ni nakon zaklju\u010denja narud\u017ebe.\u00a0Proizvod je rezerviran samo nakon potvrde narud\u017ebe od strane tvrtke, koju \u0107e tvrtka dostaviti kupcu putem e-po\u0161te.\u00a0Tvrtka zadr\u017eava pravo otkaza dijela ili cjelovite narud\u017ebe \u010dak i nakon \u0161to kupcu po\u0161alje potvrdu da je u mogu\u0107nosti isporu\u010diti naru\u010dene proizvode u slu\u010daju da nije u mogu\u0107nosti nabaviti naru\u010deni proizvod, o \u010demu \u0107e kupca obavijestiti do e-mail.<\/p>\n<p><strong>8. Cijene<\/strong><\/p>\n<p>Cene proizvoda izra\u017eene su u dinarima i uklju\u010duju PDV.\u00a0Proizvodi se mogu mijenjati u cijenama dok se narud\u017eba ne potvrdi.\u00a0Tvrtka garantira cijenu na dan kupnje, bez obzira na bilo kakvu promjenu cijene prije isporuke.<\/p>\n<p>Tvrtka zadr\u017eava pravo svakodnevnog mijenjanja cijena pojedinih predmeta u ponudi, kako bi se kupcu pru\u017eile pogodnosti tijekom promotivnih razdoblja, o \u010demu \u0107e kupac biti jasno i pravodobno obavije\u0161ten.<\/p>\n<p>Cena dostave zavisi od cenovnika kurirske slu\u017ebe putem koje se \u0161alje po\u0161iljka.<\/p>\n<p><strong>9. Pla\u0107anje<\/strong><\/p>\n<p>Web trgovina omogu\u0107uje pla\u0107anje predmeta iz svoje ponude pouze\u0107em (fizi\u010dki, kada se roba preuzme) i pla\u0107anje uplatnicom ili e-bankarstvom.\u00a0Kupac odabire na\u010din pla\u0107anja prilikom zaklju\u010divanja narud\u017ebe na web mjestu.<\/p>\n<p><strong>9.1 Pla\u0107anje pouze\u0107em<\/strong><\/p>\n<p>Ako ste tijekom posljednjeg koraka prije potvrde kupnje odlu\u010dili platiti pouze\u0107em, paket koji je dostavljen na va\u0161u adresu du\u017eni ste platiti dostavlja\u010du na licu mjesta.\u00a0Imajte na umu da kurir mo\u017eda ne\u0107e imati malo novca za vra\u0107anje promjene, zato pripazite da imate to\u010dan iznos za pla\u0107anje koji imate u e-poruci s potvrdom koju ste dobili prilikom potvrde kupnje.<\/p>\n<p><strong>9.2. Pla\u0107anje uplatnicom\u00a0<\/strong><\/p>\n<p>Pla\u0107anje se vr\u0161i na temelju podataka sadr\u017eanih u elektroni\u010dkom obliku uplatnice koja se generira u trenutku kada je Dru\u0161tvo potvrdilo narud\u017ebu Kupca u svom sustavu.\u00a0Tvrtka \u0107e kupcu dostaviti ovu uplatnicu e-po\u0161tom.\u00a0Ispunjavanje polja &#8220;Poziv na broj&#8221; prilikom pla\u0107anja je obavezno jer je povezano s identifikacijskim brojem transakcije ili naloga na koji se pla\u0107anje odnosi.<\/p>\n<p>Tvrtka \u0107e Kupcu isporu\u010diti samo one predmete za koje je dobila potvrdu o pla\u0107anju od svoje banke.\u00a0Nakon primanja podataka od banke, Tvrtka \u0107e promijeniti status naloga iz &#8220;U obradi&#8221; u status &#8220;Upakirano &#8211; spremno za isporuku&#8221;.<\/p>\n<p><strong>10. Isporuka<\/strong><\/p>\n<p>Tvrtka ima ugovor sa kurirskom slu\u017ebom na teritoriji Republike Srbije.\u00a0Tvrtka pokre\u0107e usluge kurirske slu\u017ebe nakon \u0161to kupac potvrdi narud\u017ebu.\u00a0Sve narud\u017ebe koje je tvrtka izvr\u0161ila i potvrdila do 18 sati dostavit \u0107e se sljede\u0107i dan.<\/p>\n<p>Ako je narud\u017eba poslana tijekom vikenda (subota ili nedjelja) ili tijekom praznika, dostava se vr\u0161i prvi sljede\u0107i radni dan.<\/p>\n<p><strong>11. Reklamacije<\/strong><\/p>\n<p>Mi u tvrtki rado prihva\u0107amo prijedloge, prijedloge, kritike i prigovore jer nam je najva\u017enije zadovoljstvo na\u0161ih klijenata (kupaca).\u00a0Kupac ima pravo podnijeti prigovor sukladno odredbama Zakona o za\u0161titi potro\u0161a\u010da i Pravilnika o postupku i na\u010dinu rje\u0161avanja prigovora kupaca na robu.<\/p>\n<p>Kupac ima pravo prigovoriti ili poslati tvrtki obavijest o fizi\u010dkim (materijalnim) nedostacima na robi, e-po\u0161tom ili telefonom, u roku od 8 dana od dana primitka robe, u protivnom se smatra da je robu primio u dobrom stanju. \u00a0<\/p>\n<p>Zakon ne predvi\u0111a povrat slede\u0107e robe:<\/p>\n<ul>\n<li>roba koja je podlo\u017ena kvarenju ili ima kratak rok trajanja.<\/li>\n<li>zape\u010da\u0107ena roba koja se ne mo\u017ee vratiti iz zdravstvenih ili higijenskih razloga i koja se otvara nakon isporuke;\u00a0<\/li>\n<\/ul>\n<p>Kupac mo\u017ee prijaviti njegov zahtjev za pritu\u017ebe na proizvode kupljene u na\u0161oj web trgovini Dru\u0161tvu slanjem e-po\u0161te na info@drcubano.co\u00a0\u00a0ili putem telefona\u00a0<a class=\"text-gray\" href=\"tel:+38166224747\">381 66 22 47 47<\/a>\u00a0.\u00a0Obavezni dio sadr\u017eaja Zahtjeva za prigovor je broj transakcije (broj po\u0161iljke koju ste dobili u e-poruci prilikom potvrde kupnje) i broj fiskalnog ra\u010duna na kojem je transakcija realizirana, kao i slika proizvod za koji se podnosi \u017ealba.<\/p>\n<p>Tvrtka \u0107e odgovoriti na zahtjev u skladu sa zakonski definiranim rokovima, proslje\u0111uju\u0107i popis prigovora na e-mail koji je Kupac ozna\u010dio kao kontakt, koji \u0107e sadr\u017eavati i odluku Tvrtke o daljnjem postupanju u vezi s proslje\u0111enom \u017ealbom.<\/p>\n<p><strong>12. Zakon i nadle\u017enosti<\/strong><\/p>\n<p>Uvjeti kori\u0161tenja i kori\u0161tenja ove stranice podlije\u017eu zakonima Republike Srbije, a u slu\u010daju spora nadle\u017eni su sudovi u Beogradu s primjenom zakona Republike Srbije.\u00a0Ako ste rezident druge zemlje, Uvjeti kori\u0161tenja i va\u0161a upotreba Web mjesta podlije\u017eu zakonima va\u0161e zemlje.<\/p>\n<p><strong>13. Pravila za programe vjernosti, ankete, akcije i sli\u010dne promocije<\/strong><\/p>\n<p>Sve akcije, natjecanja, programi lojalnosti i sli\u010dne promocije koje \u0107e biti dostupne putem ove stranice podlijegat \u0107e odre\u0111enim pravilima koja su odvojena od ovih Uvjeta kori\u0161tenja.\u00a0Sudjelovanjem u njima podlijegat \u0107ete ovim pravilima koja se mogu razlikovati od ovdje navedenih uvjeta i odredbi.\u00a0<\/p>\n<p><strong>14. Ograni\u010denja<\/strong><\/p>\n<p>Nisu sve usluge dostupne svim osobama ili svim zemljopisnim mjestima.\u00a0Sudjelovanje i primanje poklona u akciji ili sli\u010dnim promocijama mo\u017eda ne\u0107e biti mogu\u0107e za sve osobe.\u00a0Zadr\u017eavamo pravo ograni\u010diti dostupnost ove stranice ili pru\u017eanje bilo koje usluge bilo kojoj osobi, zemljopisnom podru\u010dju po na\u0161em izboru, u bilo kojem trenutku i prema vlastitom naho\u0111enju.<\/p>\n<p><strong>15. Promena uslova kori\u0161\u0107enja<\/strong><\/p>\n<p>Tvrtka mo\u017ee u bilo kojem trenutku, bez prethodne najave, mijenjati ili dopunjavati uvjete kori\u0161tenja stranice a\u017euriranjem ove izjave.\u00a0Takve su promjene za vas obvezuju\u0107e, pa se preporu\u010duje povremeno posjetiti ovu stranicu i saznati vi\u0161e o njima.\u00a0Nastavljaju\u0107i koristiti bilo koju od usluga web mjesta, pristajete prihvatiti sve naknadno objavljene uvjete kori\u0161tenja.<\/p>\n<p><strong>16. Promene sajta<\/strong><\/p>\n<p>Tvrtka zadr\u017eava pravo u bilo kojem trenutku, privremeno ili trajno, u cijelosti ili djelomi\u010dno, izmijeniti ili ukinuti ovo web mjesto bez prethodne najave ili ograni\u010diti dostupnost web mjesta na odre\u0111ene osobe ili zemljopisno podru\u010dje.\u00a0Kori\u0161tenjem web mjesta pristajete na to da niti na\u0161a tvrtka niti tvrtke povezane s njom nisu odgovorne za bilo kakve promjene, a va\u0161e daljnje kori\u0161tenje zna\u010dit \u0107e da prihva\u0107ate promjene.<\/p>\n<p><strong>17. To\u010dnost podataka<\/strong><\/p>\n<p>Tvrtka nastoji da podaci \/ informacije objavljeni na web mjestu budu to\u010dni i a\u017eurni &#8211; ali ne daje nikakva jamstva ili obe\u0107anja da jesu, niti snosi bilo kakvu odgovornost ili posljedice, izravne ili neizravne, koje proizlaze iz pretpostavke da korisnici informacije \/ podaci su.\u00a0U slu\u010daju da primijetite bilo kakvu nepravilnost, javite nam kako bismo izbjegli mogu\u0107e neugodnosti.\u00a0<\/p>\n<p><strong>18. Obave\u0161tenja korisnika<\/strong><\/p>\n<p>Ako imate bilo kakvih pitanja ili komentara u vezi s ovom web stranicom, po\u0161aljite poruku na stranicu &#8220;Kontakt&#8221;.<\/p>\n<p><strong>PA\u017dNJA:<\/strong><\/p>\n<p><strong>Kori\u0161tenjem ove web stranice potvr\u0111ujete da ste pro\u010ditali, razumjeli i prihvatili sve navedene Uvjete kori\u0161tenja i suglasni ste da ste ih du\u017eni po\u0161tivati, kao i sve ostale primjenjive zakone i propise.\u00a0Ako ne prihva\u0107ate ove uvjete, nemojte koristiti ovu web stranicu.<\/strong><\/p>\n<\/div>\n<!-- \/wp:paragraph --><\/div>\n\t\t\t\t<\/div>\n\t\t\t\t<\/div>\n\t\t\t\t\t<\/div>\n\t\t<\/div>\n\t\t\t\t\t\t\t<\/div>\n\t\t<\/section>\n\t\t\t\t\t\t<\/div>\n\t\t\t\t\t<\/div>\n\t\t","protected":false},"excerpt":{"rendered":"<p>Uvjeti kori\u0161tenja Uvjeti kori\u0161tenja definiraju pravila koja korisnicima ove usluge (u daljnjem tekstu: &#8220;Korisnik&#8221; ili &#8220;Kupac&#8221;) omogu\u0107uju kupnju proizvoda iz na\u0161e ponude. Zadr\u017eavamo pravo promjene Uvjeta kori\u0161tenja, u skladu s novim elementima ponude i \/ ili zakonodavstva, zbog \u010dega bi Korisnik trebao provjeriti podatke u vezi s Uvjetima kori\u0161tenja prije svake kupnje. 1. Kori\u0161tenje web [&hellip;]<\/p>\n","protected":false},"author":1,"featured_media":0,"parent":0,"menu_order":0,"comment_status":"closed","ping_status":"closed","template":"","meta":[],"_links":{"self":[{"href":"https:\/\/drcubano.eu\/index.php\/wp-json\/wp\/v2\/pages\/63"}],"collection":[{"href":"https:\/\/drcubano.eu\/index.php\/wp-json\/wp\/v2\/pages"}],"about":[{"href":"https:\/\/drcubano.eu\/index.php\/wp-json\/wp\/v2\/types\/page"}],"author":[{"embeddable":true,"href":"https:\/\/drcubano.eu\/index.php\/wp-json\/wp\/v2\/users\/1"}],"replies":[{"embeddable":true,"href":"https:\/\/drcubano.eu\/index.php\/wp-json\/wp\/v2\/comments?post=63"}],"version-history":[{"count":7,"href":"https:\/\/drcubano.eu\/index.php\/wp-json\/wp\/v2\/pages\/63\/revisions"}],"predecessor-version":[{"id":292,"href":"https:\/\/drcubano.eu\/index.php\/wp-json\/wp\/v2\/pages\/63\/revisions\/292"}],"wp:attachment":[{"href":"https:\/\/drcubano.eu\/index.php\/wp-json\/wp\/v2\/media?parent=63"}],"curies":[{"name":"wp","href":"https:\/\/api.w.org\/{rel}","templated":true}]}}