{"id":2,"date":"2021-03-14T00:21:58","date_gmt":"2021-03-14T00:21:58","guid":{"rendered":"http:\/\/drcubano.eu\/?page_id=2"},"modified":"2022-10-23T19:52:15","modified_gmt":"2022-10-23T19:52:15","slug":"iskustva","status":"publish","type":"page","link":"https:\/\/drcubano.eu\/index.php\/iskustva\/","title":{"rendered":"Iskustva"},"content":{"rendered":"\t\t<div data-elementor-type=\"wp-page\" data-elementor-id=\"2\" class=\"elementor elementor-2\" data-elementor-settings=\"[]\">\n\t\t\t\t\t\t\t<div class=\"elementor-section-wrap\">\n\t\t\t\t\t\t\t<section class=\"elementor-section elementor-top-section elementor-element elementor-element-7a88ad6b elementor-section-boxed elementor-section-height-default elementor-section-height-default\" data-id=\"7a88ad6b\" data-element_type=\"section\">\n\t\t\t\t\t\t<div class=\"elementor-container elementor-column-gap-default\">\n\t\t\t\t\t<div class=\"elementor-column elementor-col-100 elementor-top-column elementor-element elementor-element-16f0aa49\" data-id=\"16f0aa49\" data-element_type=\"column\">\n\t\t\t<div class=\"elementor-widget-wrap elementor-element-populated\">\n\t\t\t\t\t\t\t\t<section class=\"elementor-section elementor-inner-section elementor-element elementor-element-043a090 elementor-section-boxed elementor-section-height-default elementor-section-height-default\" data-id=\"043a090\" data-element_type=\"section\">\n\t\t\t\t\t\t<div class=\"elementor-container elementor-column-gap-default\">\n\t\t\t\t\t<div class=\"elementor-column elementor-col-50 elementor-inner-column elementor-element elementor-element-9b9318f\" data-id=\"9b9318f\" data-element_type=\"column\">\n\t\t\t<div class=\"elementor-widget-wrap elementor-element-populated\">\n\t\t\t\t\t\t\t\t<div class=\"elementor-element elementor-element-3e44450 elementor-aspect-ratio-169 elementor-widget elementor-widget-video\" data-id=\"3e44450\" data-element_type=\"widget\" data-settings=\"{&quot;youtube_url&quot;:&quot;https:\\\/\\\/youtu.be\\\/x_CIT0TVqeQ&quot;,&quot;video_type&quot;:&quot;youtube&quot;,&quot;controls&quot;:&quot;yes&quot;,&quot;aspect_ratio&quot;:&quot;169&quot;}\" data-widget_type=\"video.default\">\n\t\t\t\t<div class=\"elementor-widget-container\">\n\t\t\t\t\t<div class=\"elementor-wrapper elementor-fit-aspect-ratio elementor-open-inline\">\n\t\t\t<div class=\"elementor-video\"><\/div>\t\t<\/div>\n\t\t\t\t<\/div>\n\t\t\t\t<\/div>\n\t\t\t\t\t<\/div>\n\t\t<\/div>\n\t\t\t\t<div class=\"elementor-column elementor-col-50 elementor-inner-column elementor-element elementor-element-dc3f968\" data-id=\"dc3f968\" data-element_type=\"column\">\n\t\t\t<div class=\"elementor-widget-wrap elementor-element-populated\">\n\t\t\t\t\t\t\t\t<div class=\"elementor-element elementor-element-fd1986c elementor-widget elementor-widget-text-editor\" data-id=\"fd1986c\" data-element_type=\"widget\" data-widget_type=\"text-editor.default\">\n\t\t\t\t<div class=\"elementor-widget-container\">\n\t\t\t\t\t<div class=\"elementor-text-editor elementor-clearfix\"><h3>Radojka Skori\u0107<\/h3><div><p>Radojka \u0160kori\u0107, ljekar, internista onkolog i jedna od, na\u017ealost mnogobrojnih \u017eena oboljelih od karcinoma dojke.<\/p><p>\u25aa\ufe0e Karcinomi se danas mogu uspje\u0161no lije\u010diti i izlije\u010diti.\u00a0Rano dijagnosticiranje, primjena adekvatne terapije, suplementacija i podr\u0161ka klju\u010dni su elementi na putu oporavka i bolje kvalitete \u017eivota.<\/p><p>\u25aa\ufe0e\u00a0\u00a0\u00a0Zato\u00a0<a title=\"http:\/\/www.sombor-cancer.org.rs\/\" href=\"http:\/\/www.sombor-cancer.org.rs\/\" target=\"_blank\" rel=\"noopener\">Somborsko dru\u0161tvo za rak<\/a>\u00a0postoji.\u00a0Njihova glavna uloga je me\u0111usobna podr\u0161ka oboljelima i profesionalcima. Donacijom kubanskog eliksira podr\u017eali smo ove hrabre ljude.\u00a0Hvala!\u00a0Puno vam hvala \u0161to ste dokazali da zajedno mo\u017eemo puno u\u010diniti!<\/p><\/div><\/div>\n\t\t\t\t<\/div>\n\t\t\t\t<\/div>\n\t\t\t\t\t<\/div>\n\t\t<\/div>\n\t\t\t\t\t\t\t<\/div>\n\t\t<\/section>\n\t\t\t\t\t<\/div>\n\t\t<\/div>\n\t\t\t\t\t\t\t<\/div>\n\t\t<\/section>\n\t\t\t\t<section class=\"elementor-section elementor-top-section elementor-element elementor-element-06dd228 elementor-section-boxed elementor-section-height-default elementor-section-height-default\" data-id=\"06dd228\" data-element_type=\"section\">\n\t\t\t\t\t\t<div class=\"elementor-container elementor-column-gap-default\">\n\t\t\t\t\t<div class=\"elementor-column elementor-col-100 elementor-top-column elementor-element elementor-element-20e3a7f\" data-id=\"20e3a7f\" data-element_type=\"column\">\n\t\t\t<div class=\"elementor-widget-wrap elementor-element-populated\">\n\t\t\t\t\t\t\t\t<section class=\"elementor-section elementor-inner-section elementor-element elementor-element-90908b6 elementor-section-boxed elementor-section-height-default elementor-section-height-default\" data-id=\"90908b6\" data-element_type=\"section\">\n\t\t\t\t\t\t<div class=\"elementor-container elementor-column-gap-default\">\n\t\t\t\t\t<div class=\"elementor-column elementor-col-50 elementor-inner-column elementor-element elementor-element-1a3ee75\" data-id=\"1a3ee75\" data-element_type=\"column\">\n\t\t\t<div class=\"elementor-widget-wrap elementor-element-populated\">\n\t\t\t\t\t\t\t\t<div class=\"elementor-element elementor-element-b4e43b2 elementor-widget elementor-widget-text-editor\" data-id=\"b4e43b2\" data-element_type=\"widget\" data-widget_type=\"text-editor.default\">\n\t\t\t\t<div class=\"elementor-widget-container\">\n\t\t\t\t\t<div class=\"elementor-text-editor elementor-clearfix\"><h3>\u0110uka Rakini\u0107<\/h3><div><p>\u0110uka Rakini\u0107, prije 17 godina operirala je rak dojke. Nakon dva mjeseca kori\u0161tenja Kubanskog eliksira tumor marker bio je manji 3 puta u odnosu na prethodnih 10 godina.<\/p><p>\u25aa\ufe0e Kroz dugogodi\u0161nju suradnju s kubanskim lije\u010dnicima svjesni smo svih zdravstvenih blagodati koje kubanski eliksir ima, posebno kod pacijenata s karcinomom.<\/p><p>\u25aa\ufe0e To je bila po\u010detna to\u010dka u razvoju brenda Dr Cubano, ali na\u0161 motiv i potvrda da smo izabrali pravi put je svaki Va\u0161 osmijeh, dobar osje\u0107aj pomaganja i dobri rezultati u primjeni!<\/p><\/div><\/div>\n\t\t\t\t<\/div>\n\t\t\t\t<\/div>\n\t\t\t\t\t<\/div>\n\t\t<\/div>\n\t\t\t\t<div class=\"elementor-column elementor-col-50 elementor-inner-column elementor-element elementor-element-2e01614\" data-id=\"2e01614\" data-element_type=\"column\">\n\t\t\t<div class=\"elementor-widget-wrap elementor-element-populated\">\n\t\t\t\t\t\t\t\t<div class=\"elementor-element elementor-element-80afdc3 elementor-aspect-ratio-169 elementor-widget elementor-widget-video\" data-id=\"80afdc3\" data-element_type=\"widget\" data-settings=\"{&quot;youtube_url&quot;:&quot;https:\\\/\\\/youtu.be\\\/za0hNc6q2_c&quot;,&quot;video_type&quot;:&quot;youtube&quot;,&quot;controls&quot;:&quot;yes&quot;,&quot;aspect_ratio&quot;:&quot;169&quot;}\" data-widget_type=\"video.default\">\n\t\t\t\t<div class=\"elementor-widget-container\">\n\t\t\t\t\t<div class=\"elementor-wrapper elementor-fit-aspect-ratio elementor-open-inline\">\n\t\t\t<div class=\"elementor-video\"><\/div>\t\t<\/div>\n\t\t\t\t<\/div>\n\t\t\t\t<\/div>\n\t\t\t\t\t<\/div>\n\t\t<\/div>\n\t\t\t\t\t\t\t<\/div>\n\t\t<\/section>\n\t\t\t\t\t<\/div>\n\t\t<\/div>\n\t\t\t\t\t\t\t<\/div>\n\t\t<\/section>\n\t\t\t\t<section class=\"elementor-section elementor-top-section elementor-element elementor-element-edbe69b elementor-section-boxed elementor-section-height-default elementor-section-height-default\" data-id=\"edbe69b\" data-element_type=\"section\">\n\t\t\t\t\t\t<div class=\"elementor-container elementor-column-gap-default\">\n\t\t\t\t\t<div class=\"elementor-column elementor-col-100 elementor-top-column elementor-element elementor-element-cac4de1\" data-id=\"cac4de1\" data-element_type=\"column\">\n\t\t\t<div class=\"elementor-widget-wrap elementor-element-populated\">\n\t\t\t\t\t\t\t\t<section class=\"elementor-section elementor-inner-section elementor-element elementor-element-48d636d elementor-section-boxed elementor-section-height-default elementor-section-height-default\" data-id=\"48d636d\" data-element_type=\"section\">\n\t\t\t\t\t\t<div class=\"elementor-container elementor-column-gap-default\">\n\t\t\t\t\t<div class=\"elementor-column elementor-col-50 elementor-inner-column elementor-element elementor-element-23faff4\" data-id=\"23faff4\" data-element_type=\"column\">\n\t\t\t<div class=\"elementor-widget-wrap elementor-element-populated\">\n\t\t\t\t\t\t\t\t<div class=\"elementor-element elementor-element-4097d1f elementor-aspect-ratio-169 elementor-widget elementor-widget-video\" data-id=\"4097d1f\" data-element_type=\"widget\" data-settings=\"{&quot;youtube_url&quot;:&quot;https:\\\/\\\/youtu.be\\\/CgHj-_sDXsw&quot;,&quot;video_type&quot;:&quot;youtube&quot;,&quot;controls&quot;:&quot;yes&quot;,&quot;aspect_ratio&quot;:&quot;169&quot;}\" data-widget_type=\"video.default\">\n\t\t\t\t<div class=\"elementor-widget-container\">\n\t\t\t\t\t<div class=\"elementor-wrapper elementor-fit-aspect-ratio elementor-open-inline\">\n\t\t\t<div class=\"elementor-video\"><\/div>\t\t<\/div>\n\t\t\t\t<\/div>\n\t\t\t\t<\/div>\n\t\t\t\t\t<\/div>\n\t\t<\/div>\n\t\t\t\t<div class=\"elementor-column elementor-col-50 elementor-inner-column elementor-element elementor-element-ed1b270\" data-id=\"ed1b270\" data-element_type=\"column\">\n\t\t\t<div class=\"elementor-widget-wrap elementor-element-populated\">\n\t\t\t\t\t\t\t\t<div class=\"elementor-element elementor-element-08ece48 elementor-widget elementor-widget-text-editor\" data-id=\"08ece48\" data-element_type=\"widget\" data-widget_type=\"text-editor.default\">\n\t\t\t\t<div class=\"elementor-widget-container\">\n\t\t\t\t\t<div class=\"elementor-text-editor elementor-clearfix\"><h3>Mara Dobri\u0107<\/h3>\n<div>\n<p><span>Sve \u0161to radimo, radimo vrlo ozbiljno.&nbsp;Iz ovog stava rodila se suradnja s Dru\u0161tvom za borbu protiv raka Sombor koje vi\u0161e od pola stolje\u0107a okuplja oboljele od raka, ali i lije\u010dnike i farmaceute.<\/span><\/p>\n<p><span>\u25aa\ufe0e Puno nam zna\u010di kada ga korisnici na\u0161ih proizvoda prepoznaju.&nbsp;Ali, vi\u0161e od svega, zna\u010di nam kada osjete blagodati koje kubanski eliksir ima za njihovo zdravlje.<\/span><\/p>\n<p><span>\u25aa\ufe0e Zahvaljujemo&nbsp;&nbsp;<\/span><a href=\"https:\/\/www.instagram.com\/drustvozaborbuprotivraka\/\"><span>@drustvozaborbuprotivraka<\/span><\/a><span>&nbsp;&nbsp;na prilici da upoznam sve ove divne ljude koji se ne predaju, koji se zajedno bore i koji za sebe biraju najbolje proizvode.&nbsp;Posebno zahvaljujemo gospo\u0111i Mari Dobri\u0107 \u0161to je \u017eeljela podijeliti svoje iskustvo i mi\u0161ljenje sa svima vama.<\/span><\/p>\n<\/div><\/div>\n\t\t\t\t<\/div>\n\t\t\t\t<\/div>\n\t\t\t\t\t<\/div>\n\t\t<\/div>\n\t\t\t\t\t\t\t<\/div>\n\t\t<\/section>\n\t\t\t\t\t<\/div>\n\t\t<\/div>\n\t\t\t\t\t\t\t<\/div>\n\t\t<\/section>\n\t\t\t\t<section class=\"elementor-section elementor-top-section elementor-element elementor-element-7542d77 elementor-section-boxed elementor-section-height-default elementor-section-height-default\" data-id=\"7542d77\" data-element_type=\"section\">\n\t\t\t\t\t\t<div class=\"elementor-container elementor-column-gap-default\">\n\t\t\t\t\t<div class=\"elementor-column elementor-col-100 elementor-top-column elementor-element elementor-element-2003c77\" data-id=\"2003c77\" data-element_type=\"column\">\n\t\t\t<div class=\"elementor-widget-wrap elementor-element-populated\">\n\t\t\t\t\t\t\t\t<section class=\"elementor-section elementor-inner-section elementor-element elementor-element-3cb47ad elementor-section-boxed elementor-section-height-default elementor-section-height-default\" data-id=\"3cb47ad\" data-element_type=\"section\">\n\t\t\t\t\t\t<div class=\"elementor-container elementor-column-gap-default\">\n\t\t\t\t\t<div class=\"elementor-column elementor-col-50 elementor-inner-column elementor-element elementor-element-1c453a0\" data-id=\"1c453a0\" data-element_type=\"column\">\n\t\t\t<div class=\"elementor-widget-wrap elementor-element-populated\">\n\t\t\t\t\t\t\t\t<div class=\"elementor-element elementor-element-baa7160 elementor-widget elementor-widget-text-editor\" data-id=\"baa7160\" data-element_type=\"widget\" data-widget_type=\"text-editor.default\">\n\t\t\t\t<div class=\"elementor-widget-container\">\n\t\t\t\t\t<div class=\"elementor-text-editor elementor-clearfix\"><h2>Maja Volk<\/h2><div><p><span>Umirovljeni profesor na Sveu\u010dili\u0161tu u Beogradu, knji\u017eevnik, glazbenik i poliglot, govori 5 jezika i pjeva na vi\u0161e od 10.<\/span><\/p><p><span>\u25aa\ufe0e Beskrajno \u0161armantna \u017eena koja je preboljela opaku bolest, promijenila svoje \u017eivotne navike i u sedmom desetlje\u0107u \u017eivota plijeni karizmom, znanjem, vedrinom i vitalno\u0161\u0107u.<\/span><\/p><p>\u25aa\ufe0e Bila je jedna od prvih korisnika Kubanskog elkisira nakon \u0161to je stigao u Srbiju, a nama je kao i mnogima od vas podr\u0161ka i inspiracija!<\/p><\/div><\/div>\n\t\t\t\t<\/div>\n\t\t\t\t<\/div>\n\t\t\t\t\t<\/div>\n\t\t<\/div>\n\t\t\t\t<div class=\"elementor-column elementor-col-50 elementor-inner-column elementor-element elementor-element-a580550\" data-id=\"a580550\" data-element_type=\"column\">\n\t\t\t<div class=\"elementor-widget-wrap elementor-element-populated\">\n\t\t\t\t\t\t\t\t<div class=\"elementor-element elementor-element-dc58303 elementor-aspect-ratio-169 elementor-widget elementor-widget-video\" data-id=\"dc58303\" data-element_type=\"widget\" data-settings=\"{&quot;youtube_url&quot;:&quot;https:\\\/\\\/youtu.be\\\/McDHS6X2Mv4&quot;,&quot;video_type&quot;:&quot;youtube&quot;,&quot;controls&quot;:&quot;yes&quot;,&quot;aspect_ratio&quot;:&quot;169&quot;}\" data-widget_type=\"video.default\">\n\t\t\t\t<div class=\"elementor-widget-container\">\n\t\t\t\t\t<div class=\"elementor-wrapper elementor-fit-aspect-ratio elementor-open-inline\">\n\t\t\t<div class=\"elementor-video\"><\/div>\t\t<\/div>\n\t\t\t\t<\/div>\n\t\t\t\t<\/div>\n\t\t\t\t\t<\/div>\n\t\t<\/div>\n\t\t\t\t\t\t\t<\/div>\n\t\t<\/section>\n\t\t\t\t\t<\/div>\n\t\t<\/div>\n\t\t\t\t\t\t\t<\/div>\n\t\t<\/section>\n\t\t\t\t\t\t<\/div>\n\t\t\t\t\t<\/div>\n\t\t","protected":false},"excerpt":{"rendered":"<p>https:\/\/youtu.be\/x_CIT0TVqeQ Radojka Skori\u0107 Radojka \u0160kori\u0107, ljekar, internista onkolog i jedna od, na\u017ealost mnogobrojnih \u017eena oboljelih od karcinoma dojke. \u25aa\ufe0e Karcinomi se danas mogu uspje\u0161no lije\u010diti i izlije\u010diti.\u00a0Rano dijagnosticiranje, primjena adekvatne terapije, suplementacija i podr\u0161ka klju\u010dni su elementi na putu oporavka i bolje kvalitete \u017eivota. \u25aa\ufe0e\u00a0\u00a0\u00a0Zato\u00a0Somborsko dru\u0161tvo za rak\u00a0postoji.\u00a0Njihova glavna uloga je me\u0111usobna podr\u0161ka oboljelima i [&hellip;]<\/p>\n","protected":false},"author":1,"featured_media":0,"parent":0,"menu_order":0,"comment_status":"closed","ping_status":"closed","template":"","meta":[],"_links":{"self":[{"href":"https:\/\/drcubano.eu\/index.php\/wp-json\/wp\/v2\/pages\/2"}],"collection":[{"href":"https:\/\/drcubano.eu\/index.php\/wp-json\/wp\/v2\/pages"}],"about":[{"href":"https:\/\/drcubano.eu\/index.php\/wp-json\/wp\/v2\/types\/page"}],"author":[{"embeddable":true,"href":"https:\/\/drcubano.eu\/index.php\/wp-json\/wp\/v2\/users\/1"}],"replies":[{"embeddable":true,"href":"https:\/\/drcubano.eu\/index.php\/wp-json\/wp\/v2\/comments?post=2"}],"version-history":[{"count":13,"href":"https:\/\/drcubano.eu\/index.php\/wp-json\/wp\/v2\/pages\/2\/revisions"}],"predecessor-version":[{"id":231,"href":"https:\/\/drcubano.eu\/index.php\/wp-json\/wp\/v2\/pages\/2\/revisions\/231"}],"wp:attachment":[{"href":"https:\/\/drcubano.eu\/index.php\/wp-json\/wp\/v2\/media?parent=2"}],"curies":[{"name":"wp","href":"https:\/\/api.w.org\/{rel}","templated":true}]}}